{"id":3459,"date":"2024-06-11T17:00:03","date_gmt":"2024-06-11T20:00:03","guid":{"rendered":"https:\/\/yerbamatearai.com\/reventa\/?post_type=product&#038;p=3459"},"modified":"2025-12-29T11:20:24","modified_gmt":"2025-12-29T14:20:24","slug":"yera-mate-arai-primera-molienda","status":"publish","type":"product","link":"https:\/\/yerbamatearai.com\/reventa\/product\/yera-mate-arai-primera-molienda\/","title":{"rendered":"Yera Mate Ara\u00ed Primera Molienda"},"content":{"rendered":"<p>Sus principales caracter\u00edsticas son:<br \/>\n\u2022 Hojas sin moler<br \/>\n\u2022 No contiene polvo<br \/>\n\u2022 Bajo contenido de palos<br \/>\n\u2022 Estacionamiento natural y artesanal de 720 d\u00edas<br \/>\n\u2022 Yerba mate de Campo (Sur de Misiones)<br \/>\n\u2022 Agroecol\u00f3gica<br \/>\n\u2022 Sin TACC<br \/>\n\u2022 Kosher<br \/>\n\u2022 \u00a1Tus mates. sin acidez!<br \/>\nPasando 2 veces por las cuatro estaciones bajo el clima c\u00e1lido y h\u00famedo del Noreste Argentino.<br \/>\n\u00a1Con esta variedad \u00fanica. volver\u00e1s a disfrutar de tus rondas!<\/p>\n","protected":false},"excerpt":{"rendered":"<p>Dise\u00f1ada especialmente. para aquellas personas que dejaron de tomar mate. porque sufren de acidez y no logran encontrar una yerba adecuada.<br \/>\nAs\u00ed tambi\u00e9n. para aquellos que disfrutan de una cebada amigable y rendidora durante todo el d\u00eda.<br \/>\nEs la molienda ideal para crear un blend con hierbas. ya que no invade sus sabores al ser hojas enteras y sin polvo.<br \/>\nLa m\u00e1s suave y liviana de todas.<\/p>\n","protected":false},"featured_media":2063,"template":"","meta":[],"product_cat":[150],"product_tag":[],"_links":{"self":[{"href":"https:\/\/yerbamatearai.com\/reventa\/wp-json\/wp\/v2\/product\/3459"}],"collection":[{"href":"https:\/\/yerbamatearai.com\/reventa\/wp-json\/wp\/v2\/product"}],"about":[{"href":"https:\/\/yerbamatearai.com\/reventa\/wp-json\/wp\/v2\/types\/product"}],"wp:featuredmedia":[{"embeddable":true,"href":"https:\/\/yerbamatearai.com\/reventa\/wp-json\/wp\/v2\/media\/2063"}],"wp:attachment":[{"href":"https:\/\/yerbamatearai.com\/reventa\/wp-json\/wp\/v2\/media?parent=3459"}],"wp:term":[{"taxonomy":"product_cat","embeddable":true,"href":"https:\/\/yerbamatearai.com\/reventa\/wp-json\/wp\/v2\/product_cat?post=3459"},{"taxonomy":"product_tag","embeddable":true,"href":"https:\/\/yerbamatearai.com\/reventa\/wp-json\/wp\/v2\/product_tag?post=3459"}],"curies":[{"name":"wp","href":"https:\/\/api.w.org\/{rel}","templated":true}]}}