{"id":3479,"date":"2024-06-11T17:00:08","date_gmt":"2024-06-11T20:00:08","guid":{"rendered":"https:\/\/yerbamatearai.com\/reventa\/?post_type=product&#038;p=3479"},"modified":"2025-12-12T13:01:17","modified_gmt":"2025-12-12T16:01:17","slug":"melisa-x-100","status":"publish","type":"product","link":"https:\/\/yerbamatearai.com\/reventa\/product\/melisa-x-100\/","title":{"rendered":"Melisa x 100"},"content":{"rendered":"<p>G\u00e1strico &#8211; Expectorante &#8211; Digestivo &#8211; Diur\u00e9tico &#8211; C\u00f3licos &#8211; Congesti\u00f3n<\/p>\n","protected":false},"excerpt":{"rendered":"<p>G\u00e1strico &#8211; Expectorante &#8211; Digestivo &#8211; Diur\u00e9tico &#8211; C\u00f3licos &#8211; Congesti\u00f3n<\/p>\n","protected":false},"featured_media":2040,"template":"","meta":[],"product_cat":[146],"product_tag":[],"_links":{"self":[{"href":"https:\/\/yerbamatearai.com\/reventa\/wp-json\/wp\/v2\/product\/3479"}],"collection":[{"href":"https:\/\/yerbamatearai.com\/reventa\/wp-json\/wp\/v2\/product"}],"about":[{"href":"https:\/\/yerbamatearai.com\/reventa\/wp-json\/wp\/v2\/types\/product"}],"wp:featuredmedia":[{"embeddable":true,"href":"https:\/\/yerbamatearai.com\/reventa\/wp-json\/wp\/v2\/media\/2040"}],"wp:attachment":[{"href":"https:\/\/yerbamatearai.com\/reventa\/wp-json\/wp\/v2\/media?parent=3479"}],"wp:term":[{"taxonomy":"product_cat","embeddable":true,"href":"https:\/\/yerbamatearai.com\/reventa\/wp-json\/wp\/v2\/product_cat?post=3479"},{"taxonomy":"product_tag","embeddable":true,"href":"https:\/\/yerbamatearai.com\/reventa\/wp-json\/wp\/v2\/product_tag?post=3479"}],"curies":[{"name":"wp","href":"https:\/\/api.w.org\/{rel}","templated":true}]}}