{"id":3484,"date":"2024-06-11T17:00:08","date_gmt":"2024-06-11T20:00:08","guid":{"rendered":"https:\/\/yerbamatearai.com\/reventa\/?post_type=product&#038;p=3484"},"modified":"2025-06-25T09:48:17","modified_gmt":"2025-06-25T12:48:17","slug":"mix-matero-x-100","status":"publish","type":"product","link":"https:\/\/yerbamatearai.com\/reventa\/product\/mix-matero-x-100\/","title":{"rendered":"Mix Matero x 100"},"content":{"rendered":"<p>Blend dise\u00f1ado con un sabor espec\u00edfico que acompa\u00f1a tus mejores rondas arom\u00e1ticas. adem\u00e1s es digestivo.<\/p>\n<p>Aconsejamos agregar a yerbas con bajo contenido de polvo. para poder apreciar todos los sabores al 100% de sus componentes<\/p>\n<p>MANZANILLA \u2013 BURRITO \u2013 BOLDO<\/p>\n<p>Considerando que es una excelente combinaci\u00f3n con Ara\u00ed Primera Molienda. a una temperatura no mayor de 70 \u00b0 a 75\u00b0.<\/p>\n","protected":false},"excerpt":{"rendered":"<p>Blend dise\u00f1ado con un sabor espec\u00edfico que acompa\u00f1a tus mejores rondas arom\u00e1ticas. adem\u00e1s es digestivo. Aconsejamos agregar a yerbas con bajo contenido de polvo. para poder apreciar todos los sabores al 100% de sus componentes MANZANILLA \u2013 BURRITO \u2013 BOLDO Considerando que es una excelente combinaci\u00f3n con Ara\u00ed Primera Molienda. a una temperatura no mayor [&#8230;]\n","protected":false},"featured_media":2044,"template":"","meta":[],"product_cat":[146],"product_tag":[],"_links":{"self":[{"href":"https:\/\/yerbamatearai.com\/reventa\/wp-json\/wp\/v2\/product\/3484"}],"collection":[{"href":"https:\/\/yerbamatearai.com\/reventa\/wp-json\/wp\/v2\/product"}],"about":[{"href":"https:\/\/yerbamatearai.com\/reventa\/wp-json\/wp\/v2\/types\/product"}],"wp:featuredmedia":[{"embeddable":true,"href":"https:\/\/yerbamatearai.com\/reventa\/wp-json\/wp\/v2\/media\/2044"}],"wp:attachment":[{"href":"https:\/\/yerbamatearai.com\/reventa\/wp-json\/wp\/v2\/media?parent=3484"}],"wp:term":[{"taxonomy":"product_cat","embeddable":true,"href":"https:\/\/yerbamatearai.com\/reventa\/wp-json\/wp\/v2\/product_cat?post=3484"},{"taxonomy":"product_tag","embeddable":true,"href":"https:\/\/yerbamatearai.com\/reventa\/wp-json\/wp\/v2\/product_tag?post=3484"}],"curies":[{"name":"wp","href":"https:\/\/api.w.org\/{rel}","templated":true}]}}