{"id":3617,"date":"2024-06-13T14:21:10","date_gmt":"2024-06-13T17:21:10","guid":{"rendered":"https:\/\/yerbamatearai.com\/reventa\/?post_type=product&#038;p=3617"},"modified":"2025-12-29T11:17:28","modified_gmt":"2025-12-29T14:17:28","slug":"yerba-mate-arai-especial","status":"publish","type":"product","link":"https:\/\/yerbamatearai.com\/reventa\/product\/yerba-mate-arai-especial\/","title":{"rendered":"Yerba Mate Ara\u00ed Especial"},"content":{"rendered":"<p><span style=\"color: #000000;font-family: Helvetica Neue;font-size: small\">Sus principales caracter\u00edsticas son:<\/span><br \/>\n<span style=\"color: #000000;font-family: Helvetica Neue;font-size: small\">\u2022 Molienda tradicional<\/span><br \/>\n<span style=\"color: #000000;font-family: Helvetica Neue;font-size: small\">\u2022 Yerba mate de campo (Centro-Sur de Misiones)<\/span><br \/>\n<span style=\"color: #000000;font-family: Helvetica Neue;font-size: small\">\u2022 Palo, polvo y hojas en igual proporci\u00f3n<\/span><br \/>\n<span style=\"color: #000000;font-family: Helvetica Neue;font-size: small\">\u2022 Estacionamiento natural y artesanal de 720 d\u00edas<\/span><br \/>\n<span style=\"color: #000000;font-family: Helvetica Neue;font-size: small\">\u2022 Agroecol\u00f3gica<\/span><br \/>\n<span style=\"color: #000000;font-family: Helvetica Neue;font-size: small\">\u2022 Sin TACC<\/span><br \/>\n<span style=\"color: #000000;font-family: Helvetica Neue;font-size: small\">\u2022 Kosher<\/span><br \/>\n<span style=\"color: #000000;font-family: Helvetica Neue;font-size: small\">\u2022 \u00a1Tus mates, sin acidez!<\/span><\/p>\n","protected":false},"excerpt":{"rendered":"<p><span style=\"color: #000000;font-family: Helvetica Neue;font-size: small\">Su consumo est\u00e1 recomendado directamente para aquellos amantes del mate, que disfrutan de una intensidad delicada en boca.Es un blend que se elabora bajo los m\u00e1s rigurosos est\u00e1ndares, rasgos \u00fanicos desde la ra\u00edz de la planta hasta su cuidado proceso de elaboraci\u00f3n.<\/span><\/p>\n","protected":false},"featured_media":1973,"template":"","meta":[],"product_cat":[150],"product_tag":[],"_links":{"self":[{"href":"https:\/\/yerbamatearai.com\/reventa\/wp-json\/wp\/v2\/product\/3617"}],"collection":[{"href":"https:\/\/yerbamatearai.com\/reventa\/wp-json\/wp\/v2\/product"}],"about":[{"href":"https:\/\/yerbamatearai.com\/reventa\/wp-json\/wp\/v2\/types\/product"}],"wp:featuredmedia":[{"embeddable":true,"href":"https:\/\/yerbamatearai.com\/reventa\/wp-json\/wp\/v2\/media\/1973"}],"wp:attachment":[{"href":"https:\/\/yerbamatearai.com\/reventa\/wp-json\/wp\/v2\/media?parent=3617"}],"wp:term":[{"taxonomy":"product_cat","embeddable":true,"href":"https:\/\/yerbamatearai.com\/reventa\/wp-json\/wp\/v2\/product_cat?post=3617"},{"taxonomy":"product_tag","embeddable":true,"href":"https:\/\/yerbamatearai.com\/reventa\/wp-json\/wp\/v2\/product_tag?post=3617"}],"curies":[{"name":"wp","href":"https:\/\/api.w.org\/{rel}","templated":true}]}}