{"id":3621,"date":"2024-06-13T14:27:58","date_gmt":"2024-06-13T17:27:58","guid":{"rendered":"https:\/\/yerbamatearai.com\/reventa\/?post_type=product&#038;p=3621"},"modified":"2025-12-29T11:16:49","modified_gmt":"2025-12-29T14:16:49","slug":"yerba-mate-arai-tipo-uruguaya","status":"publish","type":"product","link":"https:\/\/yerbamatearai.com\/reventa\/product\/yerba-mate-arai-tipo-uruguaya\/","title":{"rendered":"Yerba Mate Ara\u00ed Tipo Uruguaya"},"content":{"rendered":"<p><span style=\"color: #000000;font-family: Helvetica Neue;font-size: small\">Sus principales caracter\u00edsticas son:<\/span><br \/>\n<span style=\"color: #000000;font-family: Helvetica Neue;font-size: small\">\u2022 Molienda fina<\/span><br \/>\n<span style=\"color: #000000;font-family: Helvetica Neue;font-size: small\">\u2022 Bajo contenido de polvo<\/span><br \/>\n<span style=\"color: #000000;font-family: Helvetica Neue;font-size: small\">\u2022 Bajo contenido de palos<\/span><br \/>\n<span style=\"color: #000000;font-family: Helvetica Neue;font-size: small\">\u2022 Yerba mate de Campo (Centro-Sur de Misiones)<\/span><br \/>\n<span style=\"color: #000000;font-family: Helvetica Neue;font-size: small\">\u2022 Estacionamiento natural y artesanal de 720 d\u00edas<\/span><br \/>\n<span style=\"color: #000000;font-family: Helvetica Neue;font-size: small\">\u2022 Agroecol\u00f3gica<\/span><br \/>\n<span style=\"color: #000000;font-family: Helvetica Neue;font-size: small\">\u2022 Sin TACC<\/span><br \/>\n<span style=\"color: #000000;font-family: Helvetica Neue;font-size: small\">\u2022 Kosher<\/span><br \/>\n<span style=\"color: #000000;font-family: Helvetica Neue;font-size: small\">\u2022 \u00a1Tus mates intensos, sin acidez!<\/span><br \/>\n<span style=\"color: #000000;font-family: Helvetica Neue;font-size: small\">*Se diferencia a las del vecino pa\u00eds, las cuales son cosechadas en suelo brasilero y elaboradas en Uruguay, con un estacionamiento que no superan los 6 meses.<\/span><\/p>\n","protected":false},"excerpt":{"rendered":"<p><span style=\"color: #000000;font-family: Helvetica Neue;font-size: small\">Est\u00e1 Inspirada, en la molienda fina y despalada de algunas yerbas uruguayas.Ara\u00ed cuenta con un estacionamiento que caracteriza y certifica la calidad de yerbas argentinas de m\u00e1s de 720 d\u00edas.<\/span><\/p>\n<p><span style=\"color: #000000;font-family: Helvetica Neue;font-size: small\">100% cosechada y elaborada en Misiones. Amigable al paladar de los argentinos<\/span><\/p>\n<p><span style=\"color: #000000;font-family: Helvetica Neue;font-size: small\">Estilo marcado y definido para quienes buscan en cada cebada, disfrutar de una intensidad importante y persistente.<\/span><\/p>\n","protected":false},"featured_media":2068,"template":"","meta":[],"product_cat":[150],"product_tag":[],"_links":{"self":[{"href":"https:\/\/yerbamatearai.com\/reventa\/wp-json\/wp\/v2\/product\/3621"}],"collection":[{"href":"https:\/\/yerbamatearai.com\/reventa\/wp-json\/wp\/v2\/product"}],"about":[{"href":"https:\/\/yerbamatearai.com\/reventa\/wp-json\/wp\/v2\/types\/product"}],"wp:featuredmedia":[{"embeddable":true,"href":"https:\/\/yerbamatearai.com\/reventa\/wp-json\/wp\/v2\/media\/2068"}],"wp:attachment":[{"href":"https:\/\/yerbamatearai.com\/reventa\/wp-json\/wp\/v2\/media?parent=3621"}],"wp:term":[{"taxonomy":"product_cat","embeddable":true,"href":"https:\/\/yerbamatearai.com\/reventa\/wp-json\/wp\/v2\/product_cat?post=3621"},{"taxonomy":"product_tag","embeddable":true,"href":"https:\/\/yerbamatearai.com\/reventa\/wp-json\/wp\/v2\/product_tag?post=3621"}],"curies":[{"name":"wp","href":"https:\/\/api.w.org\/{rel}","templated":true}]}}