{"id":3634,"date":"2024-06-13T18:37:16","date_gmt":"2024-06-13T21:37:16","guid":{"rendered":"https:\/\/yerbamatearai.com\/reventa\/?post_type=product&#038;p=3634"},"modified":"2026-01-21T11:22:23","modified_gmt":"2026-01-21T14:22:23","slug":"yerba-mate-arai-blend-yerbas","status":"publish","type":"product","link":"https:\/\/yerbamatearai.com\/reventa\/product\/yerba-mate-arai-blend-yerbas\/","title":{"rendered":"Yerba Mate Ara\u00ed Blend Yerbas"},"content":{"rendered":"<p><span style=\"color: #000000;font-family: Helvetica Neue;font-size: small\">\u00bfQue es un blend?<\/span><br \/>\n<span style=\"color: #000000;font-family: Helvetica Neue;font-size: small\">Es una mezcla o preparaci\u00f3n entre distintos ingredientes o componentes.<\/span><br \/>\n<span style=\"color: #000000;font-family: Helvetica Neue;font-size: small\">En la yerba mate es la proporci\u00f3n entre hoja, palo, polvo y en algunos casos hierbas, que le aportan diferentes sabores.<\/span><br \/>\n<span style=\"color: #000000;font-family: Helvetica Neue;font-size: small\">Algunos ejemplos son;<\/span><br \/>\n<span style=\"color: #000000;font-family: Helvetica Neue;font-size: small\">\u2013 Si la primera molienda te parece muy suave, agrega una yerba molida que contenga polvo y hojas mas peque\u00f1as para otorgarle m\u00e1s sabor y sea m\u00e1s rendidora.<\/span><br \/>\n<span style=\"color: #000000;font-family: Helvetica Neue;font-size: small\">\u2013 Si la Barbacu\u00e1 te parece muy fuerte, podes agregar una variedad que no este secada con humo y as\u00ed suavizas el sabor.<\/span><br \/>\n<span style=\"color: #000000;font-family: Helvetica Neue;font-size: small\">\u2013 Si te gustan las hierbas usa yerbas con molienda gruesa o intermedia y con bajo contenido de polvo, como la primera molienda, suave u org\u00e1nica. \u00a1Agr\u00e9gale las hierbas que m\u00e1s te gusten!<\/span><br \/>\n<span style=\"color: #000000;font-family: Helvetica Neue;font-size: small\">Conoc\u00e9 nuestros MIX EXCLUSIVOS<\/span><br \/>\n<span style=\"color: #000000;font-family: Helvetica Neue;font-size: small\">* Mix Digestivo<\/span><br \/>\n<span style=\"color: #000000;font-family: Helvetica Neue;font-size: small\">* Mix Matero<\/span><\/p>\n","protected":false},"excerpt":{"rendered":"<p><span style=\"color: #000000;font-family: Helvetica Neue;font-size: small\">Ponele m\u00e1s sabor a tus mates!Podes mezclar entre las diferentes moliendas de yerba mate, armando tu propio blend personalizado. Eleg\u00ed hasta 3 variedades de yerba mate, tambi\u00e9n pod\u00e9s agregar hierbas.<\/span><\/p>\n","protected":false},"featured_media":2047,"template":"","meta":[],"product_cat":[161],"product_tag":[],"_links":{"self":[{"href":"https:\/\/yerbamatearai.com\/reventa\/wp-json\/wp\/v2\/product\/3634"}],"collection":[{"href":"https:\/\/yerbamatearai.com\/reventa\/wp-json\/wp\/v2\/product"}],"about":[{"href":"https:\/\/yerbamatearai.com\/reventa\/wp-json\/wp\/v2\/types\/product"}],"wp:featuredmedia":[{"embeddable":true,"href":"https:\/\/yerbamatearai.com\/reventa\/wp-json\/wp\/v2\/media\/2047"}],"wp:attachment":[{"href":"https:\/\/yerbamatearai.com\/reventa\/wp-json\/wp\/v2\/media?parent=3634"}],"wp:term":[{"taxonomy":"product_cat","embeddable":true,"href":"https:\/\/yerbamatearai.com\/reventa\/wp-json\/wp\/v2\/product_cat?post=3634"},{"taxonomy":"product_tag","embeddable":true,"href":"https:\/\/yerbamatearai.com\/reventa\/wp-json\/wp\/v2\/product_tag?post=3634"}],"curies":[{"name":"wp","href":"https:\/\/api.w.org\/{rel}","templated":true}]}}